{"id":325,"date":"2022-08-29T03:21:18","date_gmt":"2022-08-29T03:21:18","guid":{"rendered":"https:\/\/ftpdemo.com\/tranzix\/?page_id=325"},"modified":"2025-08-25T00:24:17","modified_gmt":"2025-08-25T00:24:17","slug":"blog","status":"publish","type":"page","link":"https:\/\/web.lasbergui-ao.com\/?page_id=325","title":{"rendered":"Not\u00edcias"},"content":{"rendered":"\t\t<div data-elementor-type=\"wp-page\" data-elementor-id=\"325\" class=\"elementor elementor-325\" data-elementor-post-type=\"page\">\n\t\t\t\t\t\t<section class=\"elementor-section elementor-top-section elementor-element elementor-element-9be0230 elementor-section-full_width elementor-section-height-default elementor-section-height-default\" data-id=\"9be0230\" data-element_type=\"section\">\n\t\t\t\t\t\t<div class=\"elementor-container elementor-column-gap-no\">\n\t\t\t\t\t<div class=\"elementor-column elementor-col-100 elementor-top-column elementor-element elementor-element-3c3c47e7\" data-id=\"3c3c47e7\" data-element_type=\"column\">\n\t\t\t<div class=\"elementor-widget-wrap elementor-element-populated\">\n\t\t\t\t\t\t<div class=\"elementor-element elementor-element-37f52a3d elementor-widget elementor-widget-tranzix_blog\" data-id=\"37f52a3d\" data-element_type=\"widget\" data-widget_type=\"tranzix_blog.default\">\n\t\t\t\t<div class=\"elementor-widget-container\">\n\t\t\t\t\t\t\n\t\t\t\t\t\n\t\t<section class=\"news-eight p_relative pt_140 pb_60 blog-grid\">\n            <div class=\"auto-container\">\n\t\t\t\t                <div class=\"row clearfix\">\n\t\t\t\t\n\t\t\t\t\t\t\t\t\t\n                    <div class=\"col-lg-4 col-md-6 col-sm-12 news-block\">\n                        <div class=\"news-block-one wow fadeInUp animated\" data-wow-delay=\"00ms\" data-wow-duration=\"1500ms\">\n                            <div class=\"inner-box p_relative d_block\">\n                                <div class=\"image-box p_relative d_block\">\n                                    <figure class=\"image p_relative d_block\">\n\t\t\t\t\t\t\t\t\t\t\t\t\t\t\t\t\t\t\t\t<a href=\"https:\/\/web.lasbergui-ao.com\/?p=652\"><img decoding=\"async\" src=\"\" alt=\"\" \/><\/a>\n\t\t\t\t\t\t\t\t\t \n\t\t\t\t\t\t\t\t\t \n\t\t\t\t\t\t\t\t\t<\/figure>\n                                    <div class=\"post-date-two p_absolute l_30 t_30 w_55 centred pt_10 pb_10\"><h4 class=\"fs_20 font_family_oxygen fw_bold lh_20\">13 <span class=\"d_block\">Oct<\/span><\/h4><\/div>\n                                <\/div>\n                                <div class=\"lower-content p_relative d_block pt_25\">\n                                    <h4 class=\"d_block fs_24 lh_30 mb_10 fw_bold font_family_pt\"><a href=\"https:\/\/web.lasbergui-ao.com\/?p=652\">Armazenamento e Log\u00edstica Integrada<\/a><\/h4>\n                                    <ul class=\"post-info clearfix p_relative d_block mb_15\">\n                                        <li class=\"p_relative d_iblock float_left mr_30 fs_16 font_family_poppins\"><a href=\"https:\/\/web.lasbergui-ao.com\/?author=1\">admin<\/a><\/li>\n                                        <li class=\"p_relative d_iblock float_left fs_16 font_family_poppins\">2 Comments<\/li>\n                                    <\/ul>\n                                    <p class=\"fs_16 d_block font_family_poppins mb_25\">Solu\u00e7\u00f5es completas para empresas que valorizam organiza\u00e7\u00e3o, controlo e rapidez. \u201cIntegramos cada etapa do processo ...<\/p>\n\t\t\t\t\t\t\t\t\t                                    <div class=\"btn-box\">\n                                        <a href=\"https:\/\/web.lasbergui-ao.com\/?p=652\" class=\"theme-btn\">Read More<\/a>\n                                    <\/div>\n\t\t\t\t\t\t\t\t\t                                <\/div>\n                            <\/div>\n                        <\/div>\n                    <\/div>\n\t\t\t\t\t\n\t\t\t\t\t\t\t\t\t\n                    <div class=\"col-lg-4 col-md-6 col-sm-12 news-block\">\n                        <div class=\"news-block-one wow fadeInUp animated\" data-wow-delay=\"00ms\" data-wow-duration=\"1500ms\">\n                            <div class=\"inner-box p_relative d_block\">\n                                <div class=\"image-box p_relative d_block\">\n                                    <figure class=\"image p_relative d_block\">\n\t\t\t\t\t\t\t\t\t\t\t\t\t\t\t\t\t\t\t\t<a href=\"https:\/\/web.lasbergui-ao.com\/?p=654\"><img decoding=\"async\" src=\"\" alt=\"\" \/><\/a>\n\t\t\t\t\t\t\t\t\t \n\t\t\t\t\t\t\t\t\t \n\t\t\t\t\t\t\t\t\t<\/figure>\n                                    <div class=\"post-date-two p_absolute l_30 t_30 w_55 centred pt_10 pb_10\"><h4 class=\"fs_20 font_family_oxygen fw_bold lh_20\">10 <span class=\"d_block\">Oct<\/span><\/h4><\/div>\n                                <\/div>\n                                <div class=\"lower-content p_relative d_block pt_25\">\n                                    <h4 class=\"d_block fs_24 lh_30 mb_10 fw_bold font_family_pt\"><a href=\"https:\/\/web.lasbergui-ao.com\/?p=654\">Gest\u00e3o de Transporte e Distribui\u00e7\u00e3o<\/a><\/h4>\n                                    <ul class=\"post-info clearfix p_relative d_block mb_15\">\n                                        <li class=\"p_relative d_iblock float_left mr_30 fs_16 font_family_poppins\"><a href=\"https:\/\/web.lasbergui-ao.com\/?author=1\">admin<\/a><\/li>\n                                        <li class=\"p_relative d_iblock float_left fs_16 font_family_poppins\">2 Comments<\/li>\n                                    <\/ul>\n                                    <p class=\"fs_16 d_block font_family_poppins mb_25\">A tecnologia e a experi\u00eancia a favor de uma log\u00edstica moderna e confi\u00e1vel. \u201cA nossa ...<\/p>\n\t\t\t\t\t\t\t\t\t                                    <div class=\"btn-box\">\n                                        <a href=\"https:\/\/web.lasbergui-ao.com\/?p=654\" class=\"theme-btn\">Read More<\/a>\n                                    <\/div>\n\t\t\t\t\t\t\t\t\t                                <\/div>\n                            <\/div>\n                        <\/div>\n                    <\/div>\n\t\t\t\t\t\n\t\t\t\t\t\t\t\t\t\n                    <div class=\"col-lg-4 col-md-6 col-sm-12 news-block\">\n                        <div class=\"news-block-one wow fadeInUp animated\" data-wow-delay=\"00ms\" data-wow-duration=\"1500ms\">\n                            <div class=\"inner-box p_relative d_block\">\n                                <div class=\"image-box p_relative d_block\">\n                                    <figure class=\"image p_relative d_block\">\n\t\t\t\t\t\t\t\t\t\t\t\t\t\t\t\t\t\t\t\t<a href=\"https:\/\/web.lasbergui-ao.com\/?p=651\"><img decoding=\"async\" src=\"\" alt=\"\" \/><\/a>\n\t\t\t\t\t\t\t\t\t \n\t\t\t\t\t\t\t\t\t \n\t\t\t\t\t\t\t\t\t<\/figure>\n                                    <div class=\"post-date-two p_absolute l_30 t_30 w_55 centred pt_10 pb_10\"><h4 class=\"fs_20 font_family_oxygen fw_bold lh_20\">01 <span class=\"d_block\">Oct<\/span><\/h4><\/div>\n                                <\/div>\n                                <div class=\"lower-content p_relative d_block pt_25\">\n                                    <h4 class=\"d_block fs_24 lh_30 mb_10 fw_bold font_family_pt\"><a href=\"https:\/\/web.lasbergui-ao.com\/?p=651\">Servi\u00e7os de Embalagem e Log\u00edstica<\/a><\/h4>\n                                    <ul class=\"post-info clearfix p_relative d_block mb_15\">\n                                        <li class=\"p_relative d_iblock float_left mr_30 fs_16 font_family_poppins\"><a href=\"https:\/\/web.lasbergui-ao.com\/?author=1\">admin<\/a><\/li>\n                                        <li class=\"p_relative d_iblock float_left fs_16 font_family_poppins\">2 Comments<\/li>\n                                    <\/ul>\n                                    <p class=\"fs_16 d_block font_family_poppins mb_25\">Garantimos seguran\u00e7a, pontualidade e qualidade em cada entrega. \u201cMais do que transportar produtos, transportamos confian\u00e7a ...<\/p>\n\t\t\t\t\t\t\t\t\t                                    <div class=\"btn-box\">\n                                        <a href=\"https:\/\/web.lasbergui-ao.com\/?p=651\" class=\"theme-btn\">Read More<\/a>\n                                    <\/div>\n\t\t\t\t\t\t\t\t\t                                <\/div>\n                            <\/div>\n                        <\/div>\n                    <\/div>\n\t\t\t\t\t\n\t\t\t\t\t\t\t\t\t\n                    <div class=\"col-lg-4 col-md-6 col-sm-12 news-block\">\n                        <div class=\"news-block-one wow fadeInUp animated\" data-wow-delay=\"00ms\" data-wow-duration=\"1500ms\">\n                            <div class=\"inner-box p_relative d_block\">\n                                <div class=\"image-box p_relative d_block\">\n                                    <figure class=\"image p_relative d_block\">\n\t\t\t\t\t\t\t\t\t\t\t\t\t\t\t\t\t\t\t\t<a href=\"https:\/\/web.lasbergui-ao.com\/?p=655\"><img decoding=\"async\" src=\"\" alt=\"\" \/><\/a>\n\t\t\t\t\t\t\t\t\t \n\t\t\t\t\t\t\t\t\t \n\t\t\t\t\t\t\t\t\t<\/figure>\n                                    <div class=\"post-date-two p_absolute l_30 t_30 w_55 centred pt_10 pb_10\"><h4 class=\"fs_20 font_family_oxygen fw_bold lh_20\">30 <span class=\"d_block\">Sep<\/span><\/h4><\/div>\n                                <\/div>\n                                <div class=\"lower-content p_relative d_block pt_25\">\n                                    <h4 class=\"d_block fs_24 lh_30 mb_10 fw_bold font_family_pt\"><a href=\"https:\/\/web.lasbergui-ao.com\/?p=655\">O que \u00e9 um Shipchandler e porque \u00e9 vital para a navega\u00e7\u00e3o em Angola?&#8221;<\/a><\/h4>\n                                    <ul class=\"post-info clearfix p_relative d_block mb_15\">\n                                        <li class=\"p_relative d_iblock float_left mr_30 fs_16 font_family_poppins\"><a href=\"https:\/\/web.lasbergui-ao.com\/?author=1\">admin<\/a><\/li>\n                                        <li class=\"p_relative d_iblock float_left fs_16 font_family_poppins\">2 Comments<\/li>\n                                    <\/ul>\n                                    <p class=\"fs_16 d_block font_family_poppins mb_25\">Introdu\u00e7\u00e3o:No mundo mar\u00edtimo, a efici\u00eancia \u00e9 uma quest\u00e3o de sobreviv\u00eancia. Um navio parado significa custos ...<\/p>\n\t\t\t\t\t\t\t\t\t                                    <div class=\"btn-box\">\n                                        <a href=\"https:\/\/web.lasbergui-ao.com\/?p=655\" class=\"theme-btn\">Read More<\/a>\n                                    <\/div>\n\t\t\t\t\t\t\t\t\t                                <\/div>\n                            <\/div>\n                        <\/div>\n                    <\/div>\n\t\t\t\t\t\n\t\t\t\t\t\t\t\t\t\n                    <div class=\"col-lg-4 col-md-6 col-sm-12 news-block\">\n                        <div class=\"news-block-one wow fadeInUp animated\" data-wow-delay=\"00ms\" data-wow-duration=\"1500ms\">\n                            <div class=\"inner-box p_relative d_block\">\n                                <div class=\"image-box p_relative d_block\">\n                                    <figure class=\"image p_relative d_block\">\n\t\t\t\t\t\t\t\t\t\t\t\t\t\t\t\t\t\t\t\t<a href=\"https:\/\/web.lasbergui-ao.com\/?p=653\"><img decoding=\"async\" src=\"\" alt=\"\" \/><\/a>\n\t\t\t\t\t\t\t\t\t \n\t\t\t\t\t\t\t\t\t \n\t\t\t\t\t\t\t\t\t<\/figure>\n                                    <div class=\"post-date-two p_absolute l_30 t_30 w_55 centred pt_10 pb_10\"><h4 class=\"fs_20 font_family_oxygen fw_bold lh_20\">08 <span class=\"d_block\">Aug<\/span><\/h4><\/div>\n                                <\/div>\n                                <div class=\"lower-content p_relative d_block pt_25\">\n                                    <h4 class=\"d_block fs_24 lh_30 mb_10 fw_bold font_family_pt\"><a href=\"https:\/\/web.lasbergui-ao.com\/?p=653\">Startup desenvolve app de sa\u00fade para zonas remotas<\/a><\/h4>\n                                    <ul class=\"post-info clearfix p_relative d_block mb_15\">\n                                        <li class=\"p_relative d_iblock float_left mr_30 fs_16 font_family_poppins\"><a href=\"https:\/\/web.lasbergui-ao.com\/?author=1\">admin<\/a><\/li>\n                                        <li class=\"p_relative d_iblock float_left fs_16 font_family_poppins\">2 Comments<\/li>\n                                    <\/ul>\n                                    <p class=\"fs_16 d_block font_family_poppins mb_25\">Aplica\u00e7\u00e3o permite consultas e diagn\u00f3sticos preliminares via smartphone em regi\u00f5es com pouco acesso a hospitais. ...<\/p>\n\t\t\t\t\t\t\t\t\t                                    <div class=\"btn-box\">\n                                        <a href=\"https:\/\/web.lasbergui-ao.com\/?p=653\" class=\"theme-btn\">Read More<\/a>\n                                    <\/div>\n\t\t\t\t\t\t\t\t\t                                <\/div>\n                            <\/div>\n                        <\/div>\n                    <\/div>\n\t\t\t\t\t\n\t\t\t\t\t\t\t\t\t\n                    <div class=\"col-lg-4 col-md-6 col-sm-12 news-block\">\n                        <div class=\"news-block-one wow fadeInUp animated\" data-wow-delay=\"00ms\" data-wow-duration=\"1500ms\">\n                            <div class=\"inner-box p_relative d_block\">\n                                <div class=\"image-box p_relative d_block\">\n                                    <figure class=\"image p_relative d_block\">\n\t\t\t\t\t\t\t\t\t\t\t\t\t\t\t\t\t\t\t\t<a href=\"https:\/\/web.lasbergui-ao.com\/?p=647\"><img decoding=\"async\" src=\"\" alt=\"\" \/><\/a>\n\t\t\t\t\t\t\t\t\t \n\t\t\t\t\t\t\t\t\t \n\t\t\t\t\t\t\t\t\t<\/figure>\n                                    <div class=\"post-date-two p_absolute l_30 t_30 w_55 centred pt_10 pb_10\"><h4 class=\"fs_20 font_family_oxygen fw_bold lh_20\">30 <span class=\"d_block\">Aug<\/span><\/h4><\/div>\n                                <\/div>\n                                <div class=\"lower-content p_relative d_block pt_25\">\n                                    <h4 class=\"d_block fs_24 lh_30 mb_10 fw_bold font_family_pt\"><a href=\"https:\/\/web.lasbergui-ao.com\/?p=647\">Educa\u00e7\u00e3o digital: escolas p\u00fablicas ganham tablets e wi-fi gratuito<\/a><\/h4>\n                                    <ul class=\"post-info clearfix p_relative d_block mb_15\">\n                                        <li class=\"p_relative d_iblock float_left mr_30 fs_16 font_family_poppins\"><a href=\"https:\/\/web.lasbergui-ao.com\/?author=1\">admin<\/a><\/li>\n                                        <li class=\"p_relative d_iblock float_left fs_16 font_family_poppins\">2 Comments<\/li>\n                                    <\/ul>\n                                    <p class=\"fs_16 d_block font_family_poppins mb_25\">Programa nacional visa modernizar o ensino e reduzir desigualdades tecnol\u00f3gicas entre estudantes. \u201cA educa\u00e7\u00e3o do ...<\/p>\n\t\t\t\t\t\t\t\t\t                                    <div class=\"btn-box\">\n                                        <a href=\"https:\/\/web.lasbergui-ao.com\/?p=647\" class=\"theme-btn\">Read More<\/a>\n                                    <\/div>\n\t\t\t\t\t\t\t\t\t                                <\/div>\n                            <\/div>\n                        <\/div>\n                    <\/div>\n\t\t\t\t\t\n\t\t\t\t\t\t\t\t\t\t\n\t\t\t\t\t\n                <\/div>\n\t\t\t\t\n\t\t\t\t\t\t\t\t<div class=\"pagination-wrapper p_relative d_block pt_40\">\n\t\t\t\t\t\t\t\t\t<\/div>\n\t\t\t\t\t\t\t\t\n            <\/div>\n        <\/section>\n\t\t\n\t\t\n\t\t\n\t\t\t\t\n\t\t\n\t\t\n        \t\t\t\t<\/div>\n\t\t\t\t<\/div>\n\t\t\t\t\t<\/div>\n\t\t<\/div>\n\t\t\t\t\t<\/div>\n\t\t<\/section>\n\t\t\t\t<\/div>\n\t\t","protected":false},"excerpt":{"rendered":"<p>30 Aug How to drive growth with amazon Md Sweem No Comments Lorem ipsum dolor sit amet consectur adipisicing sed do eiusmod tempor incididunt labore dolore magna &#8230; Read More 30 Aug Packaging &#038; logistics services Md Sweem No Comments Lorem ipsum dolor sit amet consectur adipisicing sed do eiusmod tempor incididunt labore dolore magna [&hellip;]<\/p>\n","protected":false},"author":1,"featured_media":0,"parent":0,"menu_order":0,"comment_status":"closed","ping_status":"closed","template":"tpl-default-elementor.php","meta":{"footnotes":""},"class_list":["post-325","page","type-page","status-publish","hentry"],"_links":{"self":[{"href":"https:\/\/web.lasbergui-ao.com\/index.php?rest_route=\/wp\/v2\/pages\/325","targetHints":{"allow":["GET"]}}],"collection":[{"href":"https:\/\/web.lasbergui-ao.com\/index.php?rest_route=\/wp\/v2\/pages"}],"about":[{"href":"https:\/\/web.lasbergui-ao.com\/index.php?rest_route=\/wp\/v2\/types\/page"}],"author":[{"embeddable":true,"href":"https:\/\/web.lasbergui-ao.com\/index.php?rest_route=\/wp\/v2\/users\/1"}],"replies":[{"embeddable":true,"href":"https:\/\/web.lasbergui-ao.com\/index.php?rest_route=%2Fwp%2Fv2%2Fcomments&post=325"}],"version-history":[{"count":1,"href":"https:\/\/web.lasbergui-ao.com\/index.php?rest_route=\/wp\/v2\/pages\/325\/revisions"}],"predecessor-version":[{"id":1731,"href":"https:\/\/web.lasbergui-ao.com\/index.php?rest_route=\/wp\/v2\/pages\/325\/revisions\/1731"}],"wp:attachment":[{"href":"https:\/\/web.lasbergui-ao.com\/index.php?rest_route=%2Fwp%2Fv2%2Fmedia&parent=325"}],"curies":[{"name":"wp","href":"https:\/\/api.w.org\/{rel}","templated":true}]}}