{"id":296,"date":"2022-08-29T02:58:14","date_gmt":"2022-08-29T02:58:14","guid":{"rendered":"https:\/\/ftpdemo.com\/tranzix\/?page_id=296"},"modified":"2025-08-25T13:12:57","modified_gmt":"2025-08-25T13:12:57","slug":"testimonials","status":"publish","type":"page","link":"https:\/\/web.lasbergui-ao.com\/?page_id=296","title":{"rendered":"A\u00e7\u00e3o Solid\u00e1ria da LASBERGUI"},"content":{"rendered":"\t\t<div data-elementor-type=\"wp-page\" data-elementor-id=\"296\" class=\"elementor elementor-296\" data-elementor-post-type=\"page\">\n\t\t\t\t<div class=\"elementor-element elementor-element-c09240f e-flex e-con-boxed e-con e-parent\" data-id=\"c09240f\" data-element_type=\"container\">\n\t\t\t\t\t<div class=\"e-con-inner\">\n\t\t\t\t<div class=\"elementor-element elementor-element-3dd9844 elementor-widget elementor-widget-heading\" data-id=\"3dd9844\" data-element_type=\"widget\" data-widget_type=\"heading.default\">\n\t\t\t\t\t<h2 class=\"elementor-heading-title elementor-size-default\">A\u00e7\u00e3o Solid\u00e1ria da LASBERGUI<\/h2>\t\t\t\t<\/div>\n\t\t\t\t<div class=\"elementor-element elementor-element-0b8e1c9 elementor-widget elementor-widget-text-editor\" data-id=\"0b8e1c9\" data-element_type=\"widget\" data-widget_type=\"text-editor.default\">\n\t\t\t\t\t\t\t\t\t<p data-start=\"269\" data-end=\"526\">A <strong data-start=\"271\" data-end=\"284\">LASBERGUI<\/strong> reafirma o seu compromisso com a responsabilidade social e o desenvolvimento da nossa comunidade.<br data-start=\"382\" data-end=\"385\" \/>No \u00e2mbito da nossa pol\u00edtica de apoio social, realiz\u00e1mos uma <strong data-start=\"445\" data-end=\"463\">a\u00e7\u00e3o solid\u00e1ria<\/strong> destinada a levar esperan\u00e7a e dignidade a quem mais precisa.<\/p>\t\t\t\t\t\t\t\t<\/div>\n\t\t\t\t\t<\/div>\n\t\t\t\t<\/div>\n\t\t<div class=\"elementor-element elementor-element-6f626e7 e-flex e-con-boxed e-con e-parent\" data-id=\"6f626e7\" data-element_type=\"container\">\n\t\t\t\t\t<div class=\"e-con-inner\">\n\t\t\t\t<div class=\"elementor-element elementor-element-10524e9 elementor-widget elementor-widget-image-gallery\" data-id=\"10524e9\" data-element_type=\"widget\" data-widget_type=\"image-gallery.default\">\n\t\t\t\t\t\t\t<div class=\"elementor-image-gallery\">\n\t\t\t<div id='gallery-1' class='gallery galleryid-296 gallery-columns-3 gallery-size-medium'><figure class='gallery-item'>\n\t\t\t<div class='gallery-icon landscape'>\n\t\t\t\t<a data-elementor-open-lightbox=\"yes\" data-elementor-lightbox-slideshow=\"10524e9\" data-elementor-lightbox-title=\"WhatsApp Image 2025-08-25 at 14.07.17 (2)\" data-e-action-hash=\"#elementor-action%3Aaction%3Dlightbox%26settings%3DeyJpZCI6MTc1MiwidXJsIjoiaHR0cHM6XC9cL3dlYi5sYXNiZXJndWktYW8uY29tXC93cC1jb250ZW50XC91cGxvYWRzXC8yMDI1XC8wOFwvV2hhdHNBcHAtSW1hZ2UtMjAyNS0wOC0yNS1hdC0xNC4wNy4xNy0yLmpwZWciLCJzbGlkZXNob3ciOiIxMDUyNGU5In0%3D\" href='https:\/\/web.lasbergui-ao.com\/wp-content\/uploads\/2025\/08\/WhatsApp-Image-2025-08-25-at-14.07.17-2.jpeg'><img fetchpriority=\"high\" decoding=\"async\" width=\"300\" height=\"300\" src=\"https:\/\/web.lasbergui-ao.com\/wp-content\/uploads\/2025\/08\/WhatsApp-Image-2025-08-25-at-14.07.17-2-300x300.jpeg\" class=\"attachment-medium size-medium\" alt=\"\" srcset=\"https:\/\/web.lasbergui-ao.com\/wp-content\/uploads\/2025\/08\/WhatsApp-Image-2025-08-25-at-14.07.17-2-300x300.jpeg 300w, https:\/\/web.lasbergui-ao.com\/wp-content\/uploads\/2025\/08\/WhatsApp-Image-2025-08-25-at-14.07.17-2-1024x1024.jpeg 1024w, https:\/\/web.lasbergui-ao.com\/wp-content\/uploads\/2025\/08\/WhatsApp-Image-2025-08-25-at-14.07.17-2-150x150.jpeg 150w, https:\/\/web.lasbergui-ao.com\/wp-content\/uploads\/2025\/08\/WhatsApp-Image-2025-08-25-at-14.07.17-2-768x768.jpeg 768w, https:\/\/web.lasbergui-ao.com\/wp-content\/uploads\/2025\/08\/WhatsApp-Image-2025-08-25-at-14.07.17-2-70x70.jpeg 70w, https:\/\/web.lasbergui-ao.com\/wp-content\/uploads\/2025\/08\/WhatsApp-Image-2025-08-25-at-14.07.17-2-600x600.jpeg 600w, https:\/\/web.lasbergui-ao.com\/wp-content\/uploads\/2025\/08\/WhatsApp-Image-2025-08-25-at-14.07.17-2-100x100.jpeg 100w, https:\/\/web.lasbergui-ao.com\/wp-content\/uploads\/2025\/08\/WhatsApp-Image-2025-08-25-at-14.07.17-2.jpeg 1080w\" sizes=\"(max-width: 300px) 100vw, 300px\" \/><\/a>\n\t\t\t<\/div><\/figure><figure class='gallery-item'>\n\t\t\t<div class='gallery-icon landscape'>\n\t\t\t\t<a data-elementor-open-lightbox=\"yes\" data-elementor-lightbox-slideshow=\"10524e9\" data-elementor-lightbox-title=\"WhatsApp Image 2025-08-25 at 14.07.17 (1)\" data-e-action-hash=\"#elementor-action%3Aaction%3Dlightbox%26settings%3DeyJpZCI6MTc1MywidXJsIjoiaHR0cHM6XC9cL3dlYi5sYXNiZXJndWktYW8uY29tXC93cC1jb250ZW50XC91cGxvYWRzXC8yMDI1XC8wOFwvV2hhdHNBcHAtSW1hZ2UtMjAyNS0wOC0yNS1hdC0xNC4wNy4xNy0xLmpwZWciLCJzbGlkZXNob3ciOiIxMDUyNGU5In0%3D\" href='https:\/\/web.lasbergui-ao.com\/wp-content\/uploads\/2025\/08\/WhatsApp-Image-2025-08-25-at-14.07.17-1.jpeg'><img decoding=\"async\" width=\"300\" height=\"300\" src=\"https:\/\/web.lasbergui-ao.com\/wp-content\/uploads\/2025\/08\/WhatsApp-Image-2025-08-25-at-14.07.17-1-300x300.jpeg\" class=\"attachment-medium size-medium\" alt=\"\" srcset=\"https:\/\/web.lasbergui-ao.com\/wp-content\/uploads\/2025\/08\/WhatsApp-Image-2025-08-25-at-14.07.17-1-300x300.jpeg 300w, https:\/\/web.lasbergui-ao.com\/wp-content\/uploads\/2025\/08\/WhatsApp-Image-2025-08-25-at-14.07.17-1-1024x1024.jpeg 1024w, https:\/\/web.lasbergui-ao.com\/wp-content\/uploads\/2025\/08\/WhatsApp-Image-2025-08-25-at-14.07.17-1-150x150.jpeg 150w, https:\/\/web.lasbergui-ao.com\/wp-content\/uploads\/2025\/08\/WhatsApp-Image-2025-08-25-at-14.07.17-1-768x768.jpeg 768w, https:\/\/web.lasbergui-ao.com\/wp-content\/uploads\/2025\/08\/WhatsApp-Image-2025-08-25-at-14.07.17-1-70x70.jpeg 70w, https:\/\/web.lasbergui-ao.com\/wp-content\/uploads\/2025\/08\/WhatsApp-Image-2025-08-25-at-14.07.17-1-600x600.jpeg 600w, https:\/\/web.lasbergui-ao.com\/wp-content\/uploads\/2025\/08\/WhatsApp-Image-2025-08-25-at-14.07.17-1-100x100.jpeg 100w, https:\/\/web.lasbergui-ao.com\/wp-content\/uploads\/2025\/08\/WhatsApp-Image-2025-08-25-at-14.07.17-1.jpeg 1080w\" sizes=\"(max-width: 300px) 100vw, 300px\" \/><\/a>\n\t\t\t<\/div><\/figure><figure class='gallery-item'>\n\t\t\t<div class='gallery-icon landscape'>\n\t\t\t\t<a data-elementor-open-lightbox=\"yes\" data-elementor-lightbox-slideshow=\"10524e9\" data-elementor-lightbox-title=\"WhatsApp Image 2025-08-25 at 14.07.16\" data-e-action-hash=\"#elementor-action%3Aaction%3Dlightbox%26settings%3DeyJpZCI6MTc1NCwidXJsIjoiaHR0cHM6XC9cL3dlYi5sYXNiZXJndWktYW8uY29tXC93cC1jb250ZW50XC91cGxvYWRzXC8yMDI1XC8wOFwvV2hhdHNBcHAtSW1hZ2UtMjAyNS0wOC0yNS1hdC0xNC4wNy4xNi5qcGVnIiwic2xpZGVzaG93IjoiMTA1MjRlOSJ9\" href='https:\/\/web.lasbergui-ao.com\/wp-content\/uploads\/2025\/08\/WhatsApp-Image-2025-08-25-at-14.07.16.jpeg'><img decoding=\"async\" width=\"300\" height=\"300\" src=\"https:\/\/web.lasbergui-ao.com\/wp-content\/uploads\/2025\/08\/WhatsApp-Image-2025-08-25-at-14.07.16-300x300.jpeg\" class=\"attachment-medium size-medium\" alt=\"\" srcset=\"https:\/\/web.lasbergui-ao.com\/wp-content\/uploads\/2025\/08\/WhatsApp-Image-2025-08-25-at-14.07.16-300x300.jpeg 300w, https:\/\/web.lasbergui-ao.com\/wp-content\/uploads\/2025\/08\/WhatsApp-Image-2025-08-25-at-14.07.16-1024x1024.jpeg 1024w, https:\/\/web.lasbergui-ao.com\/wp-content\/uploads\/2025\/08\/WhatsApp-Image-2025-08-25-at-14.07.16-150x150.jpeg 150w, https:\/\/web.lasbergui-ao.com\/wp-content\/uploads\/2025\/08\/WhatsApp-Image-2025-08-25-at-14.07.16-768x768.jpeg 768w, https:\/\/web.lasbergui-ao.com\/wp-content\/uploads\/2025\/08\/WhatsApp-Image-2025-08-25-at-14.07.16-70x70.jpeg 70w, https:\/\/web.lasbergui-ao.com\/wp-content\/uploads\/2025\/08\/WhatsApp-Image-2025-08-25-at-14.07.16-600x600.jpeg 600w, https:\/\/web.lasbergui-ao.com\/wp-content\/uploads\/2025\/08\/WhatsApp-Image-2025-08-25-at-14.07.16-100x100.jpeg 100w, https:\/\/web.lasbergui-ao.com\/wp-content\/uploads\/2025\/08\/WhatsApp-Image-2025-08-25-at-14.07.16.jpeg 1080w\" sizes=\"(max-width: 300px) 100vw, 300px\" \/><\/a>\n\t\t\t<\/div><\/figure><figure class='gallery-item'>\n\t\t\t<div class='gallery-icon landscape'>\n\t\t\t\t<a data-elementor-open-lightbox=\"yes\" data-elementor-lightbox-slideshow=\"10524e9\" data-elementor-lightbox-title=\"WhatsApp Image 2025-08-25 at 14.07.17\" data-e-action-hash=\"#elementor-action%3Aaction%3Dlightbox%26settings%3DeyJpZCI6MTc1NSwidXJsIjoiaHR0cHM6XC9cL3dlYi5sYXNiZXJndWktYW8uY29tXC93cC1jb250ZW50XC91cGxvYWRzXC8yMDI1XC8wOFwvV2hhdHNBcHAtSW1hZ2UtMjAyNS0wOC0yNS1hdC0xNC4wNy4xNy5qcGVnIiwic2xpZGVzaG93IjoiMTA1MjRlOSJ9\" href='https:\/\/web.lasbergui-ao.com\/wp-content\/uploads\/2025\/08\/WhatsApp-Image-2025-08-25-at-14.07.17.jpeg'><img loading=\"lazy\" decoding=\"async\" width=\"300\" height=\"300\" src=\"https:\/\/web.lasbergui-ao.com\/wp-content\/uploads\/2025\/08\/WhatsApp-Image-2025-08-25-at-14.07.17-300x300.jpeg\" class=\"attachment-medium size-medium\" alt=\"\" srcset=\"https:\/\/web.lasbergui-ao.com\/wp-content\/uploads\/2025\/08\/WhatsApp-Image-2025-08-25-at-14.07.17-300x300.jpeg 300w, https:\/\/web.lasbergui-ao.com\/wp-content\/uploads\/2025\/08\/WhatsApp-Image-2025-08-25-at-14.07.17-1024x1024.jpeg 1024w, https:\/\/web.lasbergui-ao.com\/wp-content\/uploads\/2025\/08\/WhatsApp-Image-2025-08-25-at-14.07.17-150x150.jpeg 150w, https:\/\/web.lasbergui-ao.com\/wp-content\/uploads\/2025\/08\/WhatsApp-Image-2025-08-25-at-14.07.17-768x768.jpeg 768w, https:\/\/web.lasbergui-ao.com\/wp-content\/uploads\/2025\/08\/WhatsApp-Image-2025-08-25-at-14.07.17-70x70.jpeg 70w, https:\/\/web.lasbergui-ao.com\/wp-content\/uploads\/2025\/08\/WhatsApp-Image-2025-08-25-at-14.07.17-600x600.jpeg 600w, https:\/\/web.lasbergui-ao.com\/wp-content\/uploads\/2025\/08\/WhatsApp-Image-2025-08-25-at-14.07.17-100x100.jpeg 100w, https:\/\/web.lasbergui-ao.com\/wp-content\/uploads\/2025\/08\/WhatsApp-Image-2025-08-25-at-14.07.17.jpeg 1080w\" sizes=\"(max-width: 300px) 100vw, 300px\" \/><\/a>\n\t\t\t<\/div><\/figure><figure class='gallery-item'>\n\t\t\t<div class='gallery-icon landscape'>\n\t\t\t\t<a data-elementor-open-lightbox=\"yes\" data-elementor-lightbox-slideshow=\"10524e9\" data-elementor-lightbox-title=\"WhatsApp Image 2025-08-25 at 14.07.18 (1)\" data-e-action-hash=\"#elementor-action%3Aaction%3Dlightbox%26settings%3DeyJpZCI6MTc1NiwidXJsIjoiaHR0cHM6XC9cL3dlYi5sYXNiZXJndWktYW8uY29tXC93cC1jb250ZW50XC91cGxvYWRzXC8yMDI1XC8wOFwvV2hhdHNBcHAtSW1hZ2UtMjAyNS0wOC0yNS1hdC0xNC4wNy4xOC0xLmpwZWciLCJzbGlkZXNob3ciOiIxMDUyNGU5In0%3D\" href='https:\/\/web.lasbergui-ao.com\/wp-content\/uploads\/2025\/08\/WhatsApp-Image-2025-08-25-at-14.07.18-1.jpeg'><img loading=\"lazy\" decoding=\"async\" width=\"300\" height=\"300\" src=\"https:\/\/web.lasbergui-ao.com\/wp-content\/uploads\/2025\/08\/WhatsApp-Image-2025-08-25-at-14.07.18-1-300x300.jpeg\" class=\"attachment-medium size-medium\" alt=\"\" srcset=\"https:\/\/web.lasbergui-ao.com\/wp-content\/uploads\/2025\/08\/WhatsApp-Image-2025-08-25-at-14.07.18-1-300x300.jpeg 300w, https:\/\/web.lasbergui-ao.com\/wp-content\/uploads\/2025\/08\/WhatsApp-Image-2025-08-25-at-14.07.18-1-1024x1024.jpeg 1024w, https:\/\/web.lasbergui-ao.com\/wp-content\/uploads\/2025\/08\/WhatsApp-Image-2025-08-25-at-14.07.18-1-150x150.jpeg 150w, https:\/\/web.lasbergui-ao.com\/wp-content\/uploads\/2025\/08\/WhatsApp-Image-2025-08-25-at-14.07.18-1-768x768.jpeg 768w, https:\/\/web.lasbergui-ao.com\/wp-content\/uploads\/2025\/08\/WhatsApp-Image-2025-08-25-at-14.07.18-1-70x70.jpeg 70w, https:\/\/web.lasbergui-ao.com\/wp-content\/uploads\/2025\/08\/WhatsApp-Image-2025-08-25-at-14.07.18-1-600x600.jpeg 600w, https:\/\/web.lasbergui-ao.com\/wp-content\/uploads\/2025\/08\/WhatsApp-Image-2025-08-25-at-14.07.18-1-100x100.jpeg 100w, https:\/\/web.lasbergui-ao.com\/wp-content\/uploads\/2025\/08\/WhatsApp-Image-2025-08-25-at-14.07.18-1.jpeg 1080w\" sizes=\"(max-width: 300px) 100vw, 300px\" \/><\/a>\n\t\t\t<\/div><\/figure><figure class='gallery-item'>\n\t\t\t<div class='gallery-icon landscape'>\n\t\t\t\t<a data-elementor-open-lightbox=\"yes\" data-elementor-lightbox-slideshow=\"10524e9\" data-elementor-lightbox-title=\"WhatsApp Image 2025-08-25 at 14.07.18\" data-e-action-hash=\"#elementor-action%3Aaction%3Dlightbox%26settings%3DeyJpZCI6MTc1NywidXJsIjoiaHR0cHM6XC9cL3dlYi5sYXNiZXJndWktYW8uY29tXC93cC1jb250ZW50XC91cGxvYWRzXC8yMDI1XC8wOFwvV2hhdHNBcHAtSW1hZ2UtMjAyNS0wOC0yNS1hdC0xNC4wNy4xOC5qcGVnIiwic2xpZGVzaG93IjoiMTA1MjRlOSJ9\" href='https:\/\/web.lasbergui-ao.com\/wp-content\/uploads\/2025\/08\/WhatsApp-Image-2025-08-25-at-14.07.18.jpeg'><img loading=\"lazy\" decoding=\"async\" width=\"300\" height=\"300\" src=\"https:\/\/web.lasbergui-ao.com\/wp-content\/uploads\/2025\/08\/WhatsApp-Image-2025-08-25-at-14.07.18-300x300.jpeg\" class=\"attachment-medium size-medium\" alt=\"\" srcset=\"https:\/\/web.lasbergui-ao.com\/wp-content\/uploads\/2025\/08\/WhatsApp-Image-2025-08-25-at-14.07.18-300x300.jpeg 300w, https:\/\/web.lasbergui-ao.com\/wp-content\/uploads\/2025\/08\/WhatsApp-Image-2025-08-25-at-14.07.18-1024x1024.jpeg 1024w, https:\/\/web.lasbergui-ao.com\/wp-content\/uploads\/2025\/08\/WhatsApp-Image-2025-08-25-at-14.07.18-150x150.jpeg 150w, https:\/\/web.lasbergui-ao.com\/wp-content\/uploads\/2025\/08\/WhatsApp-Image-2025-08-25-at-14.07.18-768x768.jpeg 768w, https:\/\/web.lasbergui-ao.com\/wp-content\/uploads\/2025\/08\/WhatsApp-Image-2025-08-25-at-14.07.18-70x70.jpeg 70w, https:\/\/web.lasbergui-ao.com\/wp-content\/uploads\/2025\/08\/WhatsApp-Image-2025-08-25-at-14.07.18-600x600.jpeg 600w, https:\/\/web.lasbergui-ao.com\/wp-content\/uploads\/2025\/08\/WhatsApp-Image-2025-08-25-at-14.07.18-100x100.jpeg 100w, https:\/\/web.lasbergui-ao.com\/wp-content\/uploads\/2025\/08\/WhatsApp-Image-2025-08-25-at-14.07.18.jpeg 1080w\" sizes=\"(max-width: 300px) 100vw, 300px\" \/><\/a>\n\t\t\t<\/div><\/figure><figure class='gallery-item'>\n\t\t\t<div class='gallery-icon landscape'>\n\t\t\t\t<a data-elementor-open-lightbox=\"yes\" data-elementor-lightbox-slideshow=\"10524e9\" data-elementor-lightbox-title=\"WhatsApp Image 2025-08-25 at 14.07.19 (1)\" data-e-action-hash=\"#elementor-action%3Aaction%3Dlightbox%26settings%3DeyJpZCI6MTc1OCwidXJsIjoiaHR0cHM6XC9cL3dlYi5sYXNiZXJndWktYW8uY29tXC93cC1jb250ZW50XC91cGxvYWRzXC8yMDI1XC8wOFwvV2hhdHNBcHAtSW1hZ2UtMjAyNS0wOC0yNS1hdC0xNC4wNy4xOS0xLmpwZWciLCJzbGlkZXNob3ciOiIxMDUyNGU5In0%3D\" href='https:\/\/web.lasbergui-ao.com\/wp-content\/uploads\/2025\/08\/WhatsApp-Image-2025-08-25-at-14.07.19-1.jpeg'><img loading=\"lazy\" decoding=\"async\" width=\"300\" height=\"300\" src=\"https:\/\/web.lasbergui-ao.com\/wp-content\/uploads\/2025\/08\/WhatsApp-Image-2025-08-25-at-14.07.19-1-300x300.jpeg\" class=\"attachment-medium size-medium\" alt=\"\" srcset=\"https:\/\/web.lasbergui-ao.com\/wp-content\/uploads\/2025\/08\/WhatsApp-Image-2025-08-25-at-14.07.19-1-300x300.jpeg 300w, https:\/\/web.lasbergui-ao.com\/wp-content\/uploads\/2025\/08\/WhatsApp-Image-2025-08-25-at-14.07.19-1-1024x1024.jpeg 1024w, https:\/\/web.lasbergui-ao.com\/wp-content\/uploads\/2025\/08\/WhatsApp-Image-2025-08-25-at-14.07.19-1-150x150.jpeg 150w, https:\/\/web.lasbergui-ao.com\/wp-content\/uploads\/2025\/08\/WhatsApp-Image-2025-08-25-at-14.07.19-1-768x768.jpeg 768w, https:\/\/web.lasbergui-ao.com\/wp-content\/uploads\/2025\/08\/WhatsApp-Image-2025-08-25-at-14.07.19-1-70x70.jpeg 70w, https:\/\/web.lasbergui-ao.com\/wp-content\/uploads\/2025\/08\/WhatsApp-Image-2025-08-25-at-14.07.19-1-600x600.jpeg 600w, https:\/\/web.lasbergui-ao.com\/wp-content\/uploads\/2025\/08\/WhatsApp-Image-2025-08-25-at-14.07.19-1-100x100.jpeg 100w, https:\/\/web.lasbergui-ao.com\/wp-content\/uploads\/2025\/08\/WhatsApp-Image-2025-08-25-at-14.07.19-1.jpeg 1080w\" sizes=\"(max-width: 300px) 100vw, 300px\" \/><\/a>\n\t\t\t<\/div><\/figure><figure class='gallery-item'>\n\t\t\t<div class='gallery-icon landscape'>\n\t\t\t\t<a data-elementor-open-lightbox=\"yes\" data-elementor-lightbox-slideshow=\"10524e9\" data-elementor-lightbox-title=\"WhatsApp Image 2025-08-25 at 14.07.19 (2)\" data-e-action-hash=\"#elementor-action%3Aaction%3Dlightbox%26settings%3DeyJpZCI6MTc1OSwidXJsIjoiaHR0cHM6XC9cL3dlYi5sYXNiZXJndWktYW8uY29tXC93cC1jb250ZW50XC91cGxvYWRzXC8yMDI1XC8wOFwvV2hhdHNBcHAtSW1hZ2UtMjAyNS0wOC0yNS1hdC0xNC4wNy4xOS0yLmpwZWciLCJzbGlkZXNob3ciOiIxMDUyNGU5In0%3D\" href='https:\/\/web.lasbergui-ao.com\/wp-content\/uploads\/2025\/08\/WhatsApp-Image-2025-08-25-at-14.07.19-2.jpeg'><img loading=\"lazy\" decoding=\"async\" width=\"300\" height=\"300\" src=\"https:\/\/web.lasbergui-ao.com\/wp-content\/uploads\/2025\/08\/WhatsApp-Image-2025-08-25-at-14.07.19-2-300x300.jpeg\" class=\"attachment-medium size-medium\" alt=\"\" srcset=\"https:\/\/web.lasbergui-ao.com\/wp-content\/uploads\/2025\/08\/WhatsApp-Image-2025-08-25-at-14.07.19-2-300x300.jpeg 300w, https:\/\/web.lasbergui-ao.com\/wp-content\/uploads\/2025\/08\/WhatsApp-Image-2025-08-25-at-14.07.19-2-1024x1024.jpeg 1024w, https:\/\/web.lasbergui-ao.com\/wp-content\/uploads\/2025\/08\/WhatsApp-Image-2025-08-25-at-14.07.19-2-150x150.jpeg 150w, https:\/\/web.lasbergui-ao.com\/wp-content\/uploads\/2025\/08\/WhatsApp-Image-2025-08-25-at-14.07.19-2-768x768.jpeg 768w, https:\/\/web.lasbergui-ao.com\/wp-content\/uploads\/2025\/08\/WhatsApp-Image-2025-08-25-at-14.07.19-2-70x70.jpeg 70w, https:\/\/web.lasbergui-ao.com\/wp-content\/uploads\/2025\/08\/WhatsApp-Image-2025-08-25-at-14.07.19-2-600x600.jpeg 600w, https:\/\/web.lasbergui-ao.com\/wp-content\/uploads\/2025\/08\/WhatsApp-Image-2025-08-25-at-14.07.19-2-100x100.jpeg 100w, https:\/\/web.lasbergui-ao.com\/wp-content\/uploads\/2025\/08\/WhatsApp-Image-2025-08-25-at-14.07.19-2.jpeg 1080w\" sizes=\"(max-width: 300px) 100vw, 300px\" \/><\/a>\n\t\t\t<\/div><\/figure><figure class='gallery-item'>\n\t\t\t<div class='gallery-icon landscape'>\n\t\t\t\t<a data-elementor-open-lightbox=\"yes\" data-elementor-lightbox-slideshow=\"10524e9\" data-elementor-lightbox-title=\"WhatsApp Image 2025-08-25 at 14.07.19\" data-e-action-hash=\"#elementor-action%3Aaction%3Dlightbox%26settings%3DeyJpZCI6MTc2MCwidXJsIjoiaHR0cHM6XC9cL3dlYi5sYXNiZXJndWktYW8uY29tXC93cC1jb250ZW50XC91cGxvYWRzXC8yMDI1XC8wOFwvV2hhdHNBcHAtSW1hZ2UtMjAyNS0wOC0yNS1hdC0xNC4wNy4xOS5qcGVnIiwic2xpZGVzaG93IjoiMTA1MjRlOSJ9\" href='https:\/\/web.lasbergui-ao.com\/wp-content\/uploads\/2025\/08\/WhatsApp-Image-2025-08-25-at-14.07.19.jpeg'><img loading=\"lazy\" decoding=\"async\" width=\"300\" height=\"300\" src=\"https:\/\/web.lasbergui-ao.com\/wp-content\/uploads\/2025\/08\/WhatsApp-Image-2025-08-25-at-14.07.19-300x300.jpeg\" class=\"attachment-medium size-medium\" alt=\"\" srcset=\"https:\/\/web.lasbergui-ao.com\/wp-content\/uploads\/2025\/08\/WhatsApp-Image-2025-08-25-at-14.07.19-300x300.jpeg 300w, https:\/\/web.lasbergui-ao.com\/wp-content\/uploads\/2025\/08\/WhatsApp-Image-2025-08-25-at-14.07.19-1024x1024.jpeg 1024w, https:\/\/web.lasbergui-ao.com\/wp-content\/uploads\/2025\/08\/WhatsApp-Image-2025-08-25-at-14.07.19-150x150.jpeg 150w, https:\/\/web.lasbergui-ao.com\/wp-content\/uploads\/2025\/08\/WhatsApp-Image-2025-08-25-at-14.07.19-768x768.jpeg 768w, https:\/\/web.lasbergui-ao.com\/wp-content\/uploads\/2025\/08\/WhatsApp-Image-2025-08-25-at-14.07.19-70x70.jpeg 70w, https:\/\/web.lasbergui-ao.com\/wp-content\/uploads\/2025\/08\/WhatsApp-Image-2025-08-25-at-14.07.19-600x600.jpeg 600w, https:\/\/web.lasbergui-ao.com\/wp-content\/uploads\/2025\/08\/WhatsApp-Image-2025-08-25-at-14.07.19-100x100.jpeg 100w, https:\/\/web.lasbergui-ao.com\/wp-content\/uploads\/2025\/08\/WhatsApp-Image-2025-08-25-at-14.07.19.jpeg 1080w\" sizes=\"(max-width: 300px) 100vw, 300px\" \/><\/a>\n\t\t\t<\/div><\/figure>\n\t\t<\/div>\n\t\t<\/div>\n\t\t\t\t\t\t<\/div>\n\t\t\t\t\t<\/div>\n\t\t\t\t<\/div>\n\t\t<div class=\"elementor-element elementor-element-170337c e-flex e-con-boxed e-con e-parent\" data-id=\"170337c\" data-element_type=\"container\">\n\t\t\t\t\t<div class=\"e-con-inner\">\n\t\t\t\t<div class=\"elementor-element elementor-element-f492462 elementor-widget elementor-widget-heading\" data-id=\"f492462\" data-element_type=\"widget\" data-widget_type=\"heading.default\">\n\t\t\t\t\t<h2 class=\"elementor-heading-title elementor-size-default\">LASBERGUI \u2013 Mais do que uma empresa, uma parceira da comunidade.<\/h2>\t\t\t\t<\/div>\n\t\t\t\t<div class=\"elementor-element elementor-element-9d6ed70 elementor-widget elementor-widget-text-editor\" data-id=\"9d6ed70\" data-element_type=\"widget\" data-widget_type=\"text-editor.default\">\n\t\t\t\t\t\t\t\t\t<p data-start=\"796\" data-end=\"1019\">O nosso objetivo \u00e9 contribuir de forma ativa para a melhoria das condi\u00e7\u00f5es de vida das fam\u00edlias beneficiadas e refor\u00e7ar os valores de <strong data-start=\"930\" data-end=\"980\">solidariedade, uni\u00e3o e responsabilidade social<\/strong> que fazem parte do ADN da LASBERGUI.<\/p><p data-start=\"1021\" data-end=\"1140\">Acreditamos que pequenas a\u00e7\u00f5es podem gerar grandes mudan\u00e7as.<br data-start=\"1081\" data-end=\"1084\" \/>Juntos, constru\u00edmos um futuro mais humano e inclusivo.<\/p><p data-start=\"1142\" data-end=\"1215\">\u00a0<\/p>\t\t\t\t\t\t\t\t<\/div>\n\t\t\t\t\t<\/div>\n\t\t\t\t<\/div>\n\t\t<div class=\"elementor-element elementor-element-7f6132c e-flex e-con-boxed e-con e-parent\" data-id=\"7f6132c\" data-element_type=\"container\">\n\t\t\t\t\t<div class=\"e-con-inner\">\n\t\t<div class=\"elementor-element elementor-element-3b3779c e-con-full e-flex e-con e-child\" data-id=\"3b3779c\" data-element_type=\"container\">\n\t\t\t\t<\/div>\n\t\t<div class=\"elementor-element elementor-element-382326f e-con-full e-flex e-con e-child\" data-id=\"382326f\" data-element_type=\"container\">\n\t\t\t\t<\/div>\n\t\t<div class=\"elementor-element elementor-element-bf744d7 e-con-full e-flex e-con e-child\" data-id=\"bf744d7\" data-element_type=\"container\">\n\t\t\t\t<\/div>\n\t\t<div class=\"elementor-element elementor-element-d3fbfca e-con-full e-flex e-con e-child\" data-id=\"d3fbfca\" data-element_type=\"container\">\n\t\t\t\t<\/div>\n\t\t<div class=\"elementor-element elementor-element-90bad7f e-con-full e-flex e-con e-child\" data-id=\"90bad7f\" data-element_type=\"container\">\n\t\t\t\t<\/div>\n\t\t<div class=\"elementor-element elementor-element-9eeb21b e-con-full e-flex e-con e-child\" data-id=\"9eeb21b\" data-element_type=\"container\">\n\t\t\t\t<\/div>\n\t\t\t\t\t<\/div>\n\t\t\t\t<\/div>\n\t\t\t\t<\/div>\n\t\t","protected":false},"excerpt":{"rendered":"<p>A\u00e7\u00e3o Solid\u00e1ria da LASBERGUI A LASBERGUI reafirma o seu compromisso com a responsabilidade social e o desenvolvimento da nossa comunidade.No \u00e2mbito da nossa pol\u00edtica de apoio social, realiz\u00e1mos uma a\u00e7\u00e3o solid\u00e1ria destinada a levar esperan\u00e7a e dignidade a quem mais precisa. LASBERGUI \u2013 Mais do que uma empresa, uma parceira da comunidade. O nosso objetivo [&hellip;]<\/p>\n","protected":false},"author":1,"featured_media":0,"parent":0,"menu_order":0,"comment_status":"closed","ping_status":"closed","template":"tpl-default-elementor.php","meta":{"footnotes":""},"class_list":["post-296","page","type-page","status-publish","hentry"],"_links":{"self":[{"href":"https:\/\/web.lasbergui-ao.com\/index.php?rest_route=\/wp\/v2\/pages\/296","targetHints":{"allow":["GET"]}}],"collection":[{"href":"https:\/\/web.lasbergui-ao.com\/index.php?rest_route=\/wp\/v2\/pages"}],"about":[{"href":"https:\/\/web.lasbergui-ao.com\/index.php?rest_route=\/wp\/v2\/types\/page"}],"author":[{"embeddable":true,"href":"https:\/\/web.lasbergui-ao.com\/index.php?rest_route=\/wp\/v2\/users\/1"}],"replies":[{"embeddable":true,"href":"https:\/\/web.lasbergui-ao.com\/index.php?rest_route=%2Fwp%2Fv2%2Fcomments&post=296"}],"version-history":[{"count":22,"href":"https:\/\/web.lasbergui-ao.com\/index.php?rest_route=\/wp\/v2\/pages\/296\/revisions"}],"predecessor-version":[{"id":1767,"href":"https:\/\/web.lasbergui-ao.com\/index.php?rest_route=\/wp\/v2\/pages\/296\/revisions\/1767"}],"wp:attachment":[{"href":"https:\/\/web.lasbergui-ao.com\/index.php?rest_route=%2Fwp%2Fv2%2Fmedia&parent=296"}],"curies":[{"name":"wp","href":"https:\/\/api.w.org\/{rel}","templated":true}]}}